{"id":150,"date":"2020-10-23T15:02:08","date_gmt":"2020-10-23T15:02:08","guid":{"rendered":"https:\/\/www.boinagalega.com\/?page_id=150"},"modified":"2020-12-15T08:21:34","modified_gmt":"2020-12-15T08:21:34","slug":"contacto","status":"publish","type":"page","link":"https:\/\/www.boinagalega.com\/es\/contacto\/","title":{"rendered":"Contacto"},"content":{"rendered":"\n<p><strong>email:<\/strong> <a href=\"mailto:infoboinagalega@gmail.com\" target=\"_blank\" rel=\"noreferrer noopener\">infoboinagalega@gmail.com<\/a><br><strong>tel\u00e9fono:<\/strong> 645791303<\/p>\n\n\n\n<p>R\u00faa Garc\u00eda Prieto, 5 entresolo B<br>15706 Santiago de Compostela<br>(visita con cita previa)<\/p>\n","protected":false},"excerpt":{"rendered":"email: infoboinagalega@gmail.comtel\u00e9fono: 645791303 R\u00faa Garc\u00eda Prieto, 5 entresolo B15706 Santiago de Compostela(visita con cita previa)","protected":false},"author":1,"featured_media":0,"parent":0,"menu_order":0,"comment_status":"closed","ping_status":"closed","template":"","meta":[],"yoast_head":"<!-- This site is optimized with the Yoast SEO plugin v18.9 - https:\/\/yoast.com\/wordpress\/plugins\/seo\/ -->\n<title>Contacto - Boina Galega<\/title>\n<meta name=\"robots\" content=\"index, follow, max-snippet:-1, max-image-preview:large, max-video-preview:-1\" \/>\n<link rel=\"canonical\" href=\"https:\/\/www.boinagalega.com\/es\/contacto\/\" \/>\n<meta property=\"og:locale\" content=\"es_ES\" \/>\n<meta property=\"og:type\" content=\"article\" \/>\n<meta property=\"og:title\" content=\"Contacto - Boina Galega\" \/>\n<meta property=\"og:description\" content=\"email: infoboinagalega@gmail.comtel\u00e9fono: 645791303 R\u00faa Garc\u00eda Prieto, 5 entresolo B15706 Santiago de Compostela(visita con cita previa)\" \/>\n<meta property=\"og:url\" content=\"https:\/\/www.boinagalega.com\/es\/contacto\/\" \/>\n<meta property=\"og:site_name\" content=\"Boina Galega\" \/>\n<meta property=\"article:modified_time\" content=\"2020-12-15T08:21:34+00:00\" \/>\n<meta name=\"twitter:card\" content=\"summary_large_image\" \/>\n<script type=\"application\/ld+json\" class=\"yoast-schema-graph\">{\"@context\":\"https:\/\/schema.org\",\"@graph\":[{\"@type\":\"Organization\",\"@id\":\"https:\/\/www.boinagalega.com\/#organization\",\"name\":\"Boina Galega | Sandra Vilas\",\"url\":\"https:\/\/www.boinagalega.com\/\",\"sameAs\":[],\"logo\":{\"@type\":\"ImageObject\",\"inLanguage\":\"es\",\"@id\":\"https:\/\/www.boinagalega.com\/#\/schema\/logo\/image\/\",\"url\":\"https:\/\/www.boinagalega.com\/wp-content\/uploads\/2021\/04\/logo-boina-galega.jpg\",\"contentUrl\":\"https:\/\/www.boinagalega.com\/wp-content\/uploads\/2021\/04\/logo-boina-galega.jpg\",\"width\":1024,\"height\":1024,\"caption\":\"Boina Galega | Sandra Vilas\"},\"image\":{\"@id\":\"https:\/\/www.boinagalega.com\/#\/schema\/logo\/image\/\"}},{\"@type\":\"WebSite\",\"@id\":\"https:\/\/www.boinagalega.com\/#website\",\"url\":\"https:\/\/www.boinagalega.com\/\",\"name\":\"Boina Galega\",\"description\":\"Tenda online de Boina Galega e Sandra Vilas. Artesan\u00eda galega de la de ovella merina. Boinas e complementos\",\"publisher\":{\"@id\":\"https:\/\/www.boinagalega.com\/#organization\"},\"potentialAction\":[{\"@type\":\"SearchAction\",\"target\":{\"@type\":\"EntryPoint\",\"urlTemplate\":\"https:\/\/www.boinagalega.com\/?s={search_term_string}\"},\"query-input\":\"required name=search_term_string\"}],\"inLanguage\":\"es\"},{\"@type\":\"WebPage\",\"@id\":\"https:\/\/www.boinagalega.com\/es\/contacto\/#webpage\",\"url\":\"https:\/\/www.boinagalega.com\/es\/contacto\/\",\"name\":\"Contacto - Boina Galega\",\"isPartOf\":{\"@id\":\"https:\/\/www.boinagalega.com\/#website\"},\"datePublished\":\"2020-10-23T15:02:08+00:00\",\"dateModified\":\"2020-12-15T08:21:34+00:00\",\"breadcrumb\":{\"@id\":\"https:\/\/www.boinagalega.com\/es\/contacto\/#breadcrumb\"},\"inLanguage\":\"es\",\"potentialAction\":[{\"@type\":\"ReadAction\",\"target\":[\"https:\/\/www.boinagalega.com\/es\/contacto\/\"]}]},{\"@type\":\"BreadcrumbList\",\"@id\":\"https:\/\/www.boinagalega.com\/es\/contacto\/#breadcrumb\",\"itemListElement\":[{\"@type\":\"ListItem\",\"position\":1,\"name\":\"Portada\",\"item\":\"https:\/\/www.boinagalega.com\/es\/\"},{\"@type\":\"ListItem\",\"position\":2,\"name\":\"Contacto\"}]}]}<\/script>\n<!-- \/ Yoast SEO plugin. -->","yoast_head_json":{"title":"Contacto - Boina Galega","robots":{"index":"index","follow":"follow","max-snippet":"max-snippet:-1","max-image-preview":"max-image-preview:large","max-video-preview":"max-video-preview:-1"},"canonical":"https:\/\/www.boinagalega.com\/es\/contacto\/","og_locale":"es_ES","og_type":"article","og_title":"Contacto - Boina Galega","og_description":"email: infoboinagalega@gmail.comtel\u00e9fono: 645791303 R\u00faa Garc\u00eda Prieto, 5 entresolo B15706 Santiago de Compostela(visita con cita previa)","og_url":"https:\/\/www.boinagalega.com\/es\/contacto\/","og_site_name":"Boina Galega","article_modified_time":"2020-12-15T08:21:34+00:00","twitter_card":"summary_large_image","schema":{"@context":"https:\/\/schema.org","@graph":[{"@type":"Organization","@id":"https:\/\/www.boinagalega.com\/#organization","name":"Boina Galega | Sandra Vilas","url":"https:\/\/www.boinagalega.com\/","sameAs":[],"logo":{"@type":"ImageObject","inLanguage":"es","@id":"https:\/\/www.boinagalega.com\/#\/schema\/logo\/image\/","url":"https:\/\/www.boinagalega.com\/wp-content\/uploads\/2021\/04\/logo-boina-galega.jpg","contentUrl":"https:\/\/www.boinagalega.com\/wp-content\/uploads\/2021\/04\/logo-boina-galega.jpg","width":1024,"height":1024,"caption":"Boina Galega | Sandra Vilas"},"image":{"@id":"https:\/\/www.boinagalega.com\/#\/schema\/logo\/image\/"}},{"@type":"WebSite","@id":"https:\/\/www.boinagalega.com\/#website","url":"https:\/\/www.boinagalega.com\/","name":"Boina Galega","description":"Tenda online de Boina Galega e Sandra Vilas. Artesan\u00eda galega de la de ovella merina. Boinas e complementos","publisher":{"@id":"https:\/\/www.boinagalega.com\/#organization"},"potentialAction":[{"@type":"SearchAction","target":{"@type":"EntryPoint","urlTemplate":"https:\/\/www.boinagalega.com\/?s={search_term_string}"},"query-input":"required name=search_term_string"}],"inLanguage":"es"},{"@type":"WebPage","@id":"https:\/\/www.boinagalega.com\/es\/contacto\/#webpage","url":"https:\/\/www.boinagalega.com\/es\/contacto\/","name":"Contacto - Boina Galega","isPartOf":{"@id":"https:\/\/www.boinagalega.com\/#website"},"datePublished":"2020-10-23T15:02:08+00:00","dateModified":"2020-12-15T08:21:34+00:00","breadcrumb":{"@id":"https:\/\/www.boinagalega.com\/es\/contacto\/#breadcrumb"},"inLanguage":"es","potentialAction":[{"@type":"ReadAction","target":["https:\/\/www.boinagalega.com\/es\/contacto\/"]}]},{"@type":"BreadcrumbList","@id":"https:\/\/www.boinagalega.com\/es\/contacto\/#breadcrumb","itemListElement":[{"@type":"ListItem","position":1,"name":"Portada","item":"https:\/\/www.boinagalega.com\/es\/"},{"@type":"ListItem","position":2,"name":"Contacto"}]}]}},"_links":{"self":[{"href":"https:\/\/www.boinagalega.com\/es\/wp-json\/wp\/v2\/pages\/150"}],"collection":[{"href":"https:\/\/www.boinagalega.com\/es\/wp-json\/wp\/v2\/pages"}],"about":[{"href":"https:\/\/www.boinagalega.com\/es\/wp-json\/wp\/v2\/types\/page"}],"author":[{"embeddable":true,"href":"https:\/\/www.boinagalega.com\/es\/wp-json\/wp\/v2\/users\/1"}],"replies":[{"embeddable":true,"href":"https:\/\/www.boinagalega.com\/es\/wp-json\/wp\/v2\/comments?post=150"}],"version-history":[{"count":3,"href":"https:\/\/www.boinagalega.com\/es\/wp-json\/wp\/v2\/pages\/150\/revisions"}],"predecessor-version":[{"id":433,"href":"https:\/\/www.boinagalega.com\/es\/wp-json\/wp\/v2\/pages\/150\/revisions\/433"}],"wp:attachment":[{"href":"https:\/\/www.boinagalega.com\/es\/wp-json\/wp\/v2\/media?parent=150"}],"curies":[{"name":"wp","href":"https:\/\/api.w.org\/{rel}","templated":true}]}}