{"id":128,"date":"2020-10-23T14:43:35","date_gmt":"2020-10-23T14:43:35","guid":{"rendered":"https:\/\/www.boinagalega.com\/?page_id=128"},"modified":"2020-10-23T14:43:39","modified_gmt":"2020-10-23T14:43:39","slug":"politica-de-cookies","status":"publish","type":"page","link":"https:\/\/www.boinagalega.com\/es\/politica-de-cookies\/","title":{"rendered":"Pol\u00edtica de cookies"},"content":{"rendered":"\n<ul><li><strong>Cookies t\u00e9cnicas<\/strong>: Son aquelas que permiten ao usuario a navegaci\u00f3n a trav\u00e9s dunha p\u00e1xina web, plataforma ou aplicaci\u00f3n e a utilizaci\u00f3n das diferentes opci\u00f3ns ou servizos que nela existan como, por exemplo, controlar o tr\u00e1fico e a comunicaci\u00f3n de datos, identificar a sesi\u00f3n, acceder a partes de acceso restrinxido, lembrar os elementos que integran un pedido, realizar o proceso de compra dun pedido, realizar a solicitude de inscrici\u00f3n ou participaci\u00f3n nun evento, utilizar elementos de seguridade durante a navegaci\u00f3n, almacenar contidos para a difusi\u00f3n de v\u00eddeos ou son ou compartir contidos a trav\u00e9s de redes sociais.<\/li><li><strong>Cookies de personalizaci\u00f3n<\/strong>: Son aquelas que permiten ao usuario acceder ao servizo con algunhas caracter\u00edsticas de car\u00e1cter xeral predefinidas en funci\u00f3n dunha serie de criterios no terminal do usuario por exemplo serian o idioma, o tipo de navegador a trav\u00e9s do cal accede ao servizo, a configuraci\u00f3n rexional desde onde accede ao servizo, etc.<\/li><li><strong>Cookies de an\u00e1lise<\/strong>: Son aquelas que permiten ao responsable das mesmas, o seguimento e an\u00e1lise do comportamento dos usuarios dos sitios web aos que est\u00e1n vinculadas. A informaci\u00f3n recollida mediante este tipo de cookies util\u00edzase na medici\u00f3n da actividade dos sitios web, aplicaci\u00f3n ou plataforma e para a elaboraci\u00f3n de perf\u00eds de navegaci\u00f3n dos usuarios dos devanditos sitios, aplicaci\u00f3ns e plataformas, co fin de introducir melloras en funci\u00f3n da an\u00e1lise dos datos de uso que fan os usuarios do servizo.<\/li><li><strong>Cookies publicitarias<\/strong>: Son aquelas que permiten a xesti\u00f3n, da forma m\u00e1is eficaz posible, dos espazos publicitarios que, no seu caso, o editor inclu\u00edse nunha p\u00e1xina web, aplicaci\u00f3n ou plataforma desde a que presta o servizo solicitado en base a criterios como o contido editado ou a frecuencia na que se mostran os anuncios.<\/li><li><strong>Cookies de publicidade comportamental<\/strong>: Son aquelas que permiten a xesti\u00f3n, da forma m\u00e1is eficaz posible, dos espazos publicitarios que, no seu caso, o editor inclu\u00edse nunha p\u00e1xina web, aplicaci\u00f3n ou plataforma desde a que presta o servizo solicitado. Estas cookies almacenan informaci\u00f3n do comportamento dos usuarios obtida a trav\u00e9s da observaci\u00f3n continuada dos seus h\u00e1bitos de navegaci\u00f3n, o que permite desenvolver un perfil espec\u00edfico para mostrar publicidade en funci\u00f3n do mesmo.<\/li><\/ul>\n\n\n\n<p>Esta informaci\u00f3n utiliz\u00e1mola para mellorar a nosa p\u00e1xina, detectar novas necesidades e valorar as melloras a introducir coa finalidade de prestar un mellor servizo aos usuarios que nos visitan. Para permitir, co\u00f1ecer, bloquear ou eliminar as *cookies instaladas no seu equipo pode facelo mediante a configuraci\u00f3n das opci\u00f3ns do *navegador instalado no seu computador.<\/p>\n\n\n\n<div style=\"height:20px\" aria-hidden=\"true\" class=\"wp-block-spacer\"><\/div>\n\n\n\n<h3>Informaci\u00f3n de cookies<\/h3>\n\n\n\n<p>O usuario poder\u00e1 -en calquera momento- elixir que cookies quere que funcionen neste sitio web mediante a configuraci\u00f3n do&nbsp;navegador:<\/p>\n\n\n\n<ul><li>Chrome,desde&nbsp;<a href=\"http:\/\/support.google.com\/chrome\/bin\/answer.py?hl=es&amp;answer=95647\" target=\"_blank\" rel=\"noreferrer noopener\">http:\/\/support.google.com\/chrome\/bin\/answer.py?hl=es&amp;answer=95647<\/a><\/li><li>Explorer, desde&nbsp;<a href=\"http:\/\/windows.microsoft.com\/es-es\/windows7\/how-to-manage-cookies-in-internet-explorer-9\" target=\"_blank\" rel=\"noreferrer noopener\">http:\/\/windows.microsoft.com\/es-es\/windows7\/how-to-manage-cookies-in-internet-explorer-9<\/a><\/li><li>Firefox, desde&nbsp;<a href=\"http:\/\/support.mozilla.org\/es\/kb\/habilitar-y-deshabilitar-cookies-que-los-sitios-we\" target=\"_blank\" rel=\"noreferrer noopener\">http:\/\/support.mozilla.org\/es\/kb\/habilitar-y-deshabilitar-cookies-que-los-sitios-we<\/a><\/li><li>Safari, desde&nbsp;<a href=\"http:\/\/support.apple.com\/kb\/ph5042\" target=\"_blank\" rel=\"noreferrer noopener\">http:\/\/support.apple.com\/kb\/ph5042<\/a><\/li><\/ul>\n\n\n\n<p><strong>Que \u00e9 unha cookie?<\/strong><br>Unha cookie \u00e9 un ficheiro de texto inofensivo que se almacena no seu navegador cando visita case calquera p\u00e1xina web. A utilidade da cookie \u00e9 que a web sexa capaz de lembrar a s\u00faa visita cando volva navegar por esa p\u00e1xina. A\u00ednda que moita xente non o sabe as cookies levan utilizando desde hai 20 anos, cando apareceron os primeiros navegadores para a World Wide Web.<\/p>\n\n\n\n<p><strong>Que NON \u00c9 unha cookie?<\/strong><br>Non \u00e9 un virus, nin un troyano, nin un verme, nin spam, nin spyware, nin abre xanelas pop-up.<\/p>\n\n\n\n<p><strong>Que informaci\u00f3n almacena unha *cookie?<\/strong><br>As cookies non adoitan almacenar informaci\u00f3n sensible sobre vostede, como cart\u00f3ns de cr\u00e9dito ou datos bancarios, fotograf\u00edas, o seu DNI ou informaci\u00f3n persoal, etc. Os datos que gardan son de car\u00e1cter t\u00e9cnico, preferencias persoais, personalizaci\u00f3n de contidos, etc.<br>O servidor web non lle asocia a vostede como persoa se non ao seu navegador web. De feito, se vostede navega habitualmente con Internet Explorer e proba a navegar pola mesma web con Firefox ou Chrome ver\u00e1 que a web non se d\u00e1 conta que \u00e9 vostede a mesma persoa porque en realidade est\u00e1 a asociar ao navegador, non \u00e1 persoa.<\/p>\n\n\n\n<p><strong>Que tipo de *cookies existen?<\/strong><\/p>\n\n\n\n<ul><li>Cookies t\u00e9cnicas: Son as m\u00e1is elementais e permiten, entre outras cousas, saber cando est\u00e1 a navegar un humano ou unha aplicaci\u00f3n automatizada, cando navega un usuario an\u00f3nimo e un rexistrado, tarefas b\u00e1sicas para o funcionamento de calquera web din\u00e1mica.<\/li><li>Cookies de an\u00e1lise: Recollen informaci\u00f3n sobre o tipo de navegaci\u00f3n que est\u00e1 a realizar, as secci\u00f3ns que m\u00e1is utiliza, produtos consultados, franxa horaria de uso, idioma, etc.<\/li><li>Cookies publicitarias: Mostran publicidade en funci\u00f3n da s\u00faa navegaci\u00f3n, o seu pa\u00eds de procedencia, idioma, etc.<\/li><\/ul>\n\n\n\n<p><strong>Que son as *cookies propias e as de terceiros?<\/strong><\/p>\n\n\n\n<p>As cookies propias son as xeradas pola p\u00e1xina que est\u00e1 a visitar e as de terceiros son as xeradas por servizos ou provedores externos como Facebook, Twitter, Google, etc.<\/p>\n\n\n\n<p><strong>Que ocorre se desactivo as cookies?<\/strong><\/p>\n\n\n\n<p>Para que entenda o alcance que pode ter desactivar as *cookies mostr\u00e1moslle uns exemplos:<\/p>\n\n\n\n<ul><li>Non poder\u00e1 compartir contidos desa web en Facebook, Twitter ou calquera outra rede social.<\/li><li>O sitio web non poder\u00e1 adaptar os contidos \u00e1s s\u00faas preferencias persoais, como adoita ocorrer nas tendas online.<\/li><li>Non poder\u00e1 acceder \u00e1 \u00e1rea persoal desa web, por exemplo A mi\u00f1a conta, ou O meu perfil ou Os meus pedidos.<\/li><li>Tendas online: Seralle imposible realizar compras online, ter\u00e1n que ser telef\u00f3nicas ou visitando a tenda f\u00edsica se \u00e9 que disp\u00f3n dela.<\/li><li>Non ser\u00e1 posible personalizar as s\u00faas preferencias xeogr\u00e1ficas como franxa horaria, divisa ou idioma.<\/li><li>O sitio web non poder\u00e1 realizar anal\u00edticas web sobre visitantes e tr\u00e1fico na web, o que dificultar\u00e1 que a web sexa competitiva.<\/li><li>Non poder\u00e1 escribir no blogue, non poder\u00e1 subir fotos, publicar comentarios, valorar ou puntuar contidos. A web tampouco poder\u00e1 saber se vostede \u00e9 un humano ou unha aplicaci\u00f3n automatizada que publica spam.<\/li><li>Non se poder\u00e1 mostrar publicidade sectorializada, o que reducir\u00e1 os ingresos publicitarios da web.<\/li><li>Todas as redes sociais usan cookies, se as desactiva non poder\u00e1 utilizar ningunha rede social.<\/li><\/ul>\n\n\n\n<p><strong>P\u00f3dense eliminar as cookies?<\/strong><\/p>\n\n\n\n<p>Si. Non s\u00f3 eliminar, tam\u00e9n bloquear, de forma xeral ou particular para un dominio espec\u00edfico.<\/p>\n\n\n\n<p>Para eliminar as cookies dun sitio web debe ir \u00e1 configuraci\u00f3n do seu navegador e al\u00ed poder\u00e1 buscar as asociadas ao dominio en cuesti\u00f3n e proceder \u00e1 s\u00faa eliminaci\u00f3n.<\/p>\n\n\n\n<p><strong>Configuraci\u00f3n de cookies para os navegadores m\u00e1is polulares<\/strong><\/p>\n\n\n\n<p>A continuaci\u00f3n indic\u00e1moslle como acceder a unha cookie determinada do navegador&nbsp;<strong>Chrome<\/strong>. Nota: estes pasos poden variar en funci\u00f3n da versi\u00f3n do navegador:<\/p>\n\n\n\n<ol><li>Vaia a Configuraci\u00f3n ou Preferencias mediante o men\u00fa Arquivo ou ben picando a icona de personalizaci\u00f3n que aparece arriba \u00e1 dereita.<\/li><li>Ver\u00e1 diferentes secci\u00f3ns, pique a opci\u00f3n Mostrar opci\u00f3ns avanzadas.<\/li><li>Vaia a Privacidade, Configuraci\u00f3n de contido.<\/li><li>Seleccione Todas as cookies e os datos de sitios.<\/li><li>Aparecer\u00e1 unha listaxe con todas as cookies ordenadas por dominio. Para que lle sexa m\u00e1is f\u00e1cil atopar as cookies dun determinado dominio introduza parcial ou totalmente a direcci\u00f3n no campo Buscar cookies.<\/li><li>Tras realizar este filtro aparecer\u00e1n en pantalla unha ou varias li\u00f1as coas cookies da web solicitada. Agora s\u00f3 ten que seleccionala e pulsar a X para proceder \u00e1 s\u00faa eliminaci\u00f3n.<\/li><\/ol>\n\n\n\n<p>Para acceder \u00e1 configuraci\u00f3n de cookies do navegador&nbsp;<strong>Internet Explorer&nbsp;<\/strong>siga estes pasos (poden variar en funci\u00f3n da versi\u00f3n do navegador):<\/p>\n\n\n\n<ol><li>Vaia a Ferramentas, Opci\u00f3ns de Internet<\/li><li>Faga click en Privacidade.<\/li><li>Mova o deslizador ata axustar o nivel de privacidade que desexe.<\/li><\/ol>\n\n\n\n<p>Para acceder \u00e1 configuraci\u00f3n de cookies do navegador&nbsp;<strong>Firefox<\/strong>&nbsp;siga estes pasos (poden variar en funci\u00f3n da versi\u00f3n do navegador):<\/p>\n\n\n\n<ol><li>Vaia a Opci\u00f3ns ou Preferencias segundo o seu sistema operativo.<\/li><li>Faga click en Privacidade.<\/li><li>En Historial elixa Usar unha configuraci\u00f3n personalizada para o historial.<\/li><li>Agora ver\u00e1 a opci\u00f3n Aceptar cookies, pode activala ou desactivala segundo as s\u00faas preferencias.<\/li><\/ol>\n\n\n\n<p>Para acceder \u00e1 configuraci\u00f3n de cookies do navegador&nbsp;<strong>Safari para OSX<\/strong>&nbsp;siga estes pasos (poden variar en funci\u00f3n da versi\u00f3n do navegador):<\/p>\n\n\n\n<ol><li>Vaia a Preferencias, logo Privacidade.<\/li><li>Neste lugar ver\u00e1 a opci\u00f3n Bloquear cookies para que axuste o tipo de bloqueo que desexa realizar.<\/li><\/ol>\n\n\n\n<p>Para acceder \u00e1 configuraci\u00f3n de *cookies do *navegador&nbsp;*<strong>Safari para iOS<\/strong>&nbsp;siga estes pasos (poden variar en funci\u00f3n da versi\u00f3n do navegador):<\/p>\n\n\n\n<ol><li>Vaia a Axustes, daquela Safari.<\/li><li>Vaia a Privacidade e Seguridade, ver\u00e1 a opci\u00f3n Bloquear cookies para que axuste o tipo de bloqueo que desexa realizar.<\/li><\/ol>\n\n\n\n<p>Para acceder \u00e1 configuraci\u00f3n de cookies do navegador para dispositivos&nbsp;<strong>Android<\/strong>&nbsp;siga estes pasos (poden variar en funci\u00f3n da versi\u00f3n do navegador):<\/p>\n\n\n\n<ol><li>Execute o navegador e pulse a tecla Men\u00fa, logo Axustes.<\/li><li>Vaia a Seguridade e Privacidade, ver\u00e1 a opci\u00f3n Aceptar cookies para que active ou desactive a opci\u00f3n.<\/li><\/ol>\n\n\n\n<p>Para acceder \u00e1 configuraci\u00f3n de cookies do navegador para dispositivos&nbsp;<strong>Windows Phone<\/strong>&nbsp;siga estes pasos (poden variar en funci\u00f3n da versi\u00f3n do navegador):<\/p>\n\n\n\n<ol><li>Abra Internet Explorer, logo M\u00e1is, logo Configuraci\u00f3n<\/li><li>Agora pode activar ou desactivar a casa Permitir cookies.<\/li><\/ol>\n","protected":false},"excerpt":{"rendered":"Cookies t\u00e9cnicas: Son aquelas que permiten ao usuario a navegaci\u00f3n a trav\u00e9s dunha p\u00e1xina web, plataforma ou aplicaci\u00f3n e a utilizaci\u00f3n das diferentes opci\u00f3ns ou servizos que nela existan como, por exemplo, controlar o tr\u00e1fico e a comunicaci\u00f3n de datos, identificar a sesi\u00f3n, acceder a partes de acceso restrinxido, lembrar os elementos que integran un [&hellip;]","protected":false},"author":1,"featured_media":0,"parent":0,"menu_order":0,"comment_status":"closed","ping_status":"closed","template":"","meta":[],"yoast_head":"<!-- This site is optimized with the Yoast SEO plugin v18.9 - https:\/\/yoast.com\/wordpress\/plugins\/seo\/ -->\n<title>Pol\u00edtica de cookies - Boina Galega<\/title>\n<meta name=\"robots\" content=\"index, follow, max-snippet:-1, max-image-preview:large, max-video-preview:-1\" \/>\n<link rel=\"canonical\" href=\"https:\/\/www.boinagalega.com\/es\/politica-de-cookies\/\" \/>\n<meta property=\"og:locale\" content=\"es_ES\" \/>\n<meta property=\"og:type\" content=\"article\" \/>\n<meta property=\"og:title\" content=\"Pol\u00edtica de cookies - Boina Galega\" \/>\n<meta property=\"og:description\" content=\"Cookies t\u00e9cnicas: Son aquelas que permiten ao usuario a navegaci\u00f3n a trav\u00e9s dunha p\u00e1xina web, plataforma ou aplicaci\u00f3n e a utilizaci\u00f3n das diferentes opci\u00f3ns ou servizos que nela existan como, por exemplo, controlar o tr\u00e1fico e a comunicaci\u00f3n de datos, identificar a sesi\u00f3n, acceder a partes de acceso restrinxido, lembrar os elementos que integran un [&hellip;]\" \/>\n<meta property=\"og:url\" content=\"https:\/\/www.boinagalega.com\/es\/politica-de-cookies\/\" \/>\n<meta property=\"og:site_name\" content=\"Boina Galega\" \/>\n<meta property=\"article:modified_time\" content=\"2020-10-23T14:43:39+00:00\" \/>\n<meta name=\"twitter:card\" content=\"summary_large_image\" \/>\n<meta name=\"twitter:label1\" content=\"Tiempo de lectura\" \/>\n\t<meta name=\"twitter:data1\" content=\"8 minutos\" \/>\n<script type=\"application\/ld+json\" class=\"yoast-schema-graph\">{\"@context\":\"https:\/\/schema.org\",\"@graph\":[{\"@type\":\"Organization\",\"@id\":\"https:\/\/www.boinagalega.com\/#organization\",\"name\":\"Boina Galega | Sandra Vilas\",\"url\":\"https:\/\/www.boinagalega.com\/\",\"sameAs\":[],\"logo\":{\"@type\":\"ImageObject\",\"inLanguage\":\"es\",\"@id\":\"https:\/\/www.boinagalega.com\/#\/schema\/logo\/image\/\",\"url\":\"https:\/\/www.boinagalega.com\/wp-content\/uploads\/2021\/04\/logo-boina-galega.jpg\",\"contentUrl\":\"https:\/\/www.boinagalega.com\/wp-content\/uploads\/2021\/04\/logo-boina-galega.jpg\",\"width\":1024,\"height\":1024,\"caption\":\"Boina Galega | Sandra Vilas\"},\"image\":{\"@id\":\"https:\/\/www.boinagalega.com\/#\/schema\/logo\/image\/\"}},{\"@type\":\"WebSite\",\"@id\":\"https:\/\/www.boinagalega.com\/#website\",\"url\":\"https:\/\/www.boinagalega.com\/\",\"name\":\"Boina Galega\",\"description\":\"Tenda online de Boina Galega e Sandra Vilas. Artesan\u00eda galega de la de ovella merina. Boinas e complementos\",\"publisher\":{\"@id\":\"https:\/\/www.boinagalega.com\/#organization\"},\"potentialAction\":[{\"@type\":\"SearchAction\",\"target\":{\"@type\":\"EntryPoint\",\"urlTemplate\":\"https:\/\/www.boinagalega.com\/?s={search_term_string}\"},\"query-input\":\"required name=search_term_string\"}],\"inLanguage\":\"es\"},{\"@type\":\"WebPage\",\"@id\":\"https:\/\/www.boinagalega.com\/es\/politica-de-cookies\/#webpage\",\"url\":\"https:\/\/www.boinagalega.com\/es\/politica-de-cookies\/\",\"name\":\"Pol\u00edtica de cookies - Boina Galega\",\"isPartOf\":{\"@id\":\"https:\/\/www.boinagalega.com\/#website\"},\"datePublished\":\"2020-10-23T14:43:35+00:00\",\"dateModified\":\"2020-10-23T14:43:39+00:00\",\"breadcrumb\":{\"@id\":\"https:\/\/www.boinagalega.com\/es\/politica-de-cookies\/#breadcrumb\"},\"inLanguage\":\"es\",\"potentialAction\":[{\"@type\":\"ReadAction\",\"target\":[\"https:\/\/www.boinagalega.com\/es\/politica-de-cookies\/\"]}]},{\"@type\":\"BreadcrumbList\",\"@id\":\"https:\/\/www.boinagalega.com\/es\/politica-de-cookies\/#breadcrumb\",\"itemListElement\":[{\"@type\":\"ListItem\",\"position\":1,\"name\":\"Portada\",\"item\":\"https:\/\/www.boinagalega.com\/es\/\"},{\"@type\":\"ListItem\",\"position\":2,\"name\":\"Pol\u00edtica de cookies\"}]}]}<\/script>\n<!-- \/ Yoast SEO plugin. -->","yoast_head_json":{"title":"Pol\u00edtica de cookies - Boina Galega","robots":{"index":"index","follow":"follow","max-snippet":"max-snippet:-1","max-image-preview":"max-image-preview:large","max-video-preview":"max-video-preview:-1"},"canonical":"https:\/\/www.boinagalega.com\/es\/politica-de-cookies\/","og_locale":"es_ES","og_type":"article","og_title":"Pol\u00edtica de cookies - Boina Galega","og_description":"Cookies t\u00e9cnicas: Son aquelas que permiten ao usuario a navegaci\u00f3n a trav\u00e9s dunha p\u00e1xina web, plataforma ou aplicaci\u00f3n e a utilizaci\u00f3n das diferentes opci\u00f3ns ou servizos que nela existan como, por exemplo, controlar o tr\u00e1fico e a comunicaci\u00f3n de datos, identificar a sesi\u00f3n, acceder a partes de acceso restrinxido, lembrar os elementos que integran un [&hellip;]","og_url":"https:\/\/www.boinagalega.com\/es\/politica-de-cookies\/","og_site_name":"Boina Galega","article_modified_time":"2020-10-23T14:43:39+00:00","twitter_card":"summary_large_image","twitter_misc":{"Tiempo de lectura":"8 minutos"},"schema":{"@context":"https:\/\/schema.org","@graph":[{"@type":"Organization","@id":"https:\/\/www.boinagalega.com\/#organization","name":"Boina Galega | Sandra Vilas","url":"https:\/\/www.boinagalega.com\/","sameAs":[],"logo":{"@type":"ImageObject","inLanguage":"es","@id":"https:\/\/www.boinagalega.com\/#\/schema\/logo\/image\/","url":"https:\/\/www.boinagalega.com\/wp-content\/uploads\/2021\/04\/logo-boina-galega.jpg","contentUrl":"https:\/\/www.boinagalega.com\/wp-content\/uploads\/2021\/04\/logo-boina-galega.jpg","width":1024,"height":1024,"caption":"Boina Galega | Sandra Vilas"},"image":{"@id":"https:\/\/www.boinagalega.com\/#\/schema\/logo\/image\/"}},{"@type":"WebSite","@id":"https:\/\/www.boinagalega.com\/#website","url":"https:\/\/www.boinagalega.com\/","name":"Boina Galega","description":"Tenda online de Boina Galega e Sandra Vilas. Artesan\u00eda galega de la de ovella merina. Boinas e complementos","publisher":{"@id":"https:\/\/www.boinagalega.com\/#organization"},"potentialAction":[{"@type":"SearchAction","target":{"@type":"EntryPoint","urlTemplate":"https:\/\/www.boinagalega.com\/?s={search_term_string}"},"query-input":"required name=search_term_string"}],"inLanguage":"es"},{"@type":"WebPage","@id":"https:\/\/www.boinagalega.com\/es\/politica-de-cookies\/#webpage","url":"https:\/\/www.boinagalega.com\/es\/politica-de-cookies\/","name":"Pol\u00edtica de cookies - Boina Galega","isPartOf":{"@id":"https:\/\/www.boinagalega.com\/#website"},"datePublished":"2020-10-23T14:43:35+00:00","dateModified":"2020-10-23T14:43:39+00:00","breadcrumb":{"@id":"https:\/\/www.boinagalega.com\/es\/politica-de-cookies\/#breadcrumb"},"inLanguage":"es","potentialAction":[{"@type":"ReadAction","target":["https:\/\/www.boinagalega.com\/es\/politica-de-cookies\/"]}]},{"@type":"BreadcrumbList","@id":"https:\/\/www.boinagalega.com\/es\/politica-de-cookies\/#breadcrumb","itemListElement":[{"@type":"ListItem","position":1,"name":"Portada","item":"https:\/\/www.boinagalega.com\/es\/"},{"@type":"ListItem","position":2,"name":"Pol\u00edtica de cookies"}]}]}},"_links":{"self":[{"href":"https:\/\/www.boinagalega.com\/es\/wp-json\/wp\/v2\/pages\/128"}],"collection":[{"href":"https:\/\/www.boinagalega.com\/es\/wp-json\/wp\/v2\/pages"}],"about":[{"href":"https:\/\/www.boinagalega.com\/es\/wp-json\/wp\/v2\/types\/page"}],"author":[{"embeddable":true,"href":"https:\/\/www.boinagalega.com\/es\/wp-json\/wp\/v2\/users\/1"}],"replies":[{"embeddable":true,"href":"https:\/\/www.boinagalega.com\/es\/wp-json\/wp\/v2\/comments?post=128"}],"version-history":[{"count":1,"href":"https:\/\/www.boinagalega.com\/es\/wp-json\/wp\/v2\/pages\/128\/revisions"}],"predecessor-version":[{"id":129,"href":"https:\/\/www.boinagalega.com\/es\/wp-json\/wp\/v2\/pages\/128\/revisions\/129"}],"wp:attachment":[{"href":"https:\/\/www.boinagalega.com\/es\/wp-json\/wp\/v2\/media?parent=128"}],"curies":[{"name":"wp","href":"https:\/\/api.w.org\/{rel}","templated":true}]}}