{"id":123,"date":"2020-10-23T14:40:09","date_gmt":"2020-10-23T14:40:09","guid":{"rendered":"https:\/\/www.boinagalega.com\/?page_id=123"},"modified":"2021-04-27T16:45:44","modified_gmt":"2021-04-27T16:45:44","slug":"politica-de-privacidad","status":"publish","type":"page","link":"https:\/\/www.boinagalega.com\/es\/politica-de-privacidad\/","title":{"rendered":"Pol\u00edtica de Privacidad"},"content":{"rendered":"\n<h3>1. Normativa de referencia<\/h3>\n\n\n\n<ul><li><strong>REGLAMENTO (UE) 2016\/679, <\/strong>del 27 de abril, del Parlamento Europeo y del Consejo, relativo a la protecci\u00f3n de las personas f\u00edsicas en lo que respecta al tratamiento de datos personales y a la libre circulaci\u00f3n de estos datos y por lo que se deroga la Directiva 95\/46\/CE (Reglamento General de Protecci\u00f3n de Datos -RGPD).<\/li><li>Normativa estatal espa\u00f1ola sobre protecci\u00f3n de datos de car\u00e1cter personal y servicios de la sociedad de informaci\u00f3n:\u00a0<strong>Ley Org\u00e1nica 3\/2018, de 5 de diciembre,<\/strong> de Protecci\u00f3n de Datos Personales e garant\u00eda de los derechos digitales, y\u00a0<strong>Ley 34\/2002, de 11 de julio<\/strong>, de servicios de la sociedad da informaci\u00f3n e de comercio electr\u00f3nico<\/li><\/ul>\n\n\n\n<h3>Protecci\u00f3n de datos persoales<\/h3>\n\n\n\n<p>A continuaci\u00f3n, le proporcionamos m\u00e1s informaci\u00f3n sobre el tratamiento de los datos de car\u00e1cter personal que usted comparte con Sandra Mar\u00eda Vilas Fern\u00e1ndez.<\/p>\n\n\n\n<p><strong>Quien es el responsable del tratamiento de sus datos personales?<\/strong><\/p>\n\n\n\n<p>Sandra Mar\u00eda Vilas Fern\u00e1ndez ( BOINA GALEGA), con CIF n\u00ba 78798762A, y correo electr\u00f3nico: info@boinagalega.com; es responsable del tratamiento de aquellos datos personales que se recojan o generen como consecuencia del acceso, uso y navegaci\u00f3n de los usuarios por la Web y del control da dicha Web.<\/p>\n\n\n\n<p><strong>Por que nos importa a protecci\u00f3n dos seus datos persoais?<\/strong><\/p>\n\n\n\n<p>BOINA GALEGA aprovecha la ocasi\u00f3n para saludarle y agradecerle y su interese nos servicios ofrecidos por la misma. Para BOINA GALEGA, la privacidad de los datos personales de sus usuarios y dem\u00e1s personas interesadas en sus servicios es fundamental. Por eso, nuestro compromiso es poner la mayor diligencia posible en la protecci\u00f3n de sus datos personales y la seguridad de informaci\u00f3n facilitada, para contribuir a mejorar en lo posible la atenci\u00f3n a nuestros usuarios.<\/p>\n\n\n\n<p>Igualmente, resulta vital ofrecer servicios da mayor calidad que avalen la confianza depositada polos nuestros Usuarios, por lo que, para conseguir un mayor grado de satisfacci\u00f3n y confianza, BOINA GALEGA ha implantado un sistema de gesti\u00f3n de protecci\u00f3n de datos personales que garantiza el cumplimiento de la legislaci\u00f3n vigente en esta materia, buscando siempre la continua mejora .<\/p>\n\n\n\n<p>Las categor\u00edas de datos que se tratan son:<br>+ Datos de identificaci\u00f3n (nombre y apellidos)<br>+ Tel\u00e9fono y direcciones electr\u00f3nicas<br>+ Cualquier otros datos facilitados polos usuarios para la prestaci\u00f3n del servicio solicitado<\/p>\n\n\n\n<p><strong>Con qu\u00e9 finalidad se van a tratar los datos personales que usted nos facilita a trav\u00e9s de la p\u00e1gina web?<\/strong><\/p>\n\n\n\n<p>El tratamiento de datos personales que se recojan o generen como consecuencia del acceso, uso y navegaci\u00f3n de los usuarios por la Web tendr\u00e1 por objeto posibilitar la navegaci\u00f3n e gestionar as peticiones de informaci\u00f3n, contenidos o servicios que soliciten expresamente los usuarios o que se tramiten con su consentimiento. De forma complementaria con finalidad anterior y en la medida en que la l\u00edcita persecuci\u00f3n de la misma lo exija o lo permita, podr\u00e1n realizarse -previa subministraci\u00f3n de informaci\u00f3n espec\u00edfico a los usuarios- tratamientos adicionales que tengan por objeto:<\/p>\n\n\n\n<ul><li>Ejecutar contratos en los que los usuarios sean parte y, en su caso, a petici\u00f3n de dichos usuarios, aplicar as medidas precontractuales correspondientes.<\/li><li>Proteger intereses vitales de los usuarios o de otras personas f\u00edsicas.<\/li><li>Satisfacer intereses leg\u00edtimos perseguidos por BOINA GALEGA o por un tercero (en especial, la mejora de la Web, su gesti\u00f3n y su seguridad, llevar a cabo estudios para analizar la relevancia y utilizaci\u00f3n de dicha Web -incluso mediante informaci\u00f3n anonimizada- y, cuando as\u00ed o permita la normativa aplicable, informar a los usuarios sobre a actualidad de BOINA GALEGA a trav\u00e9s del env\u00edo de convocatorias, publicaciones y otras iniciativas) siempre que sobre dichos intereses no prevalezcan los intereses o derechos y libertades fundamentales de los usuarios que requieran la protecci\u00f3n de datos personales, en particular, cando los usuarios sean menores. Lo dispuesto en este \u00faltimo punto non ser\u00e1 de aplicaci\u00f3n al tratamiento realizado por las autoridades eclesi\u00e1sticas en ejercicio de sus funciones.<\/li><\/ul>\n\n\n\n<p>El tratamiento para una&nbsp;finalidad distinta&nbsp;de las anteriores ser\u00e1 l\u00edcito&nbsp;\u00fanicamente&nbsp;si el RGPD o cualquier otra norma estatal o comunitaria lo permite u lo ordena, dentro de las posibilidades conferidas por el ordenamiento jur\u00eddico; si los usuarios han dado su consentimiento; si resulta obvio que el tratamiento refleja el inter\u00e9s de los usuarios y no existe motivo para estimar que negar\u00edan el consentimiento, que son incorrectos; se los datos son accesibles p\u00fablicamente o BOINA GALEGA podr\u00eda publicarlos en todo caso, a menos que el inter\u00e9s leg\u00edtimo de los usuarios por evitar el cambio de finalidad predomine con car\u00e1cter evidente; si el tratamiento es necesario para prevenir un riesgo para la seguridad u otros intereses p\u00fablicos o eclesi\u00e1sticos relevantes; si o tratamiento es necesario con el fin de evitar a comisi\u00f3n de delitos o infracciones administrativas, para a su investigaci\u00f3n, persecuci\u00f3n de los responsables, su enjuiciamiento o la ejecuci\u00f3n das penas; si el tratamiento es necesario para prevenir una infracci\u00f3n grave de los derechos de un tercero.<\/p>\n\n\n\n<p>Los datos personales que se tratan \u00fanicamente con fines de control, copia de seguridad de datos o para garantizar el funcionamiento adecuado de un sistema de tratamiento, solo pueden utilizarse para estos fines.<\/p>\n\n\n\n<p><strong>Por cuanto tiempo conservaremos sus datos personales?<\/strong><\/p>\n\n\n\n<p>Los datos ser\u00e1n conservados mientras existan obligaciones contractuales derivadas de los servicios o contenidos solicitados por los usuarios y, posteriormente, hasta la extinci\u00f3n de responsabilidades legales, contractuales o deontol\u00f3gicas que requieran su retenci\u00f3n (p. ej., hata la extinci\u00f3n de la responsabilidad derivada de la normativa de protecci\u00f3n de datos o ciberseguridad). En el caso de que se traten datos para el env\u00edo de informaci\u00f3n sobre BOINA GALEGA, podr\u00e1n mantenerse los datos solo mientras el usuario non se oponga a recibir ditas informaciones por cualquiera de los diversos medios gratuitos y sencillos que se ponen a su disposici\u00f3n.<\/p>\n\n\n\n<p><strong>Cu\u00e1l es la base que nos legitima para tratar sus datos personales?<\/strong><\/p>\n\n\n\n<p>El tratamiento que BOINA GALEGA lleva a cabo sobre sus datos personales est\u00e1 basado en su consentimiento expreso, mediante la selecci\u00f3n de la opci\u00f3n incluida en el formulario de contacto.<br>La base legal para el tratamiento de sus datos personales Y la correcta ejecuci\u00f3n de los servicios prestados por BOINA GALEGA, consistentes en el seguimiento, control y gesti\u00f3n de las actividades y eventos en el margen de su actividad.<\/p>\n\n\n\n<p><strong>A qu\u00e9 destinatarios se comunicar\u00e1n sus datos?<\/strong><\/p>\n\n\n\n<p>BOINA GALEGA no ceder\u00e1 a terceros los datos de su titular sin o su consentimiento expreso.<\/p>\n\n\n\n<p><strong>Cu\u00e1les son sus derechos cando nos facilita os sus datos?<\/strong><\/p>\n\n\n\n<p>Las personas interesadas tienen derecho a acceder a sus datos personales, as\u00ed como a solicitar a rectificaci\u00f3n cuando estos sean inexactos ,imprecisos, o, en su caso, a solicitar su supresi\u00f3n cuando, entre otros motivos, los datos ya non sean necesarios para los fines para los que fueron recogidos.<br>Por motivos relacionados con su situaci\u00f3n particular, los interesados podr\u00e1n solicitar la limitaci\u00f3n del tratamiento de sus datos .En ese caso \u00fanicamente los conservaremos para el ejercicio o la defensa de eventuales reclamaciones. De igual modo, los interesados podr\u00e1n solicitar la oposici\u00f3n al tratamiento de sus datos .En ese caso, BOINA GALEGA dejar\u00e1 de tratar la informaci\u00f3n, salvo que fuese necesario por motivos leg\u00edtimos para el ejercicio o defensa ante posibles reclamaciones.<br>Los interesados tambi\u00e9n podr\u00e1n solicitar su derecho a la portabilidad de sus datos personales en un formato estructurado de uso com\u00fan y lectura mec\u00e1nica, y a transmitirlos a otro responsable del tratamiento sin que lo impida el responsable al que se los ha facilitado.<br>Podr\u00e1n dirigir sus solicitudes a BOINA GALEGA indicando :dni, nombre y completo<br>Si usted non queda satisfecho en el ejercicio de sus derechos, tiene derecho a presentar una reclamaci\u00f3n ante la Agencia Espa\u00f1ola de Protecci\u00f3n de Datos<\/p>\n","protected":false},"excerpt":{"rendered":"1. Normativa de referencia REGLAMENTO (UE) 2016\/679, del 27 de abril, del Parlamento Europeo y del Consejo, relativo a la protecci\u00f3n de las personas f\u00edsicas en lo que respecta al tratamiento de datos personales y a la libre circulaci\u00f3n de estos datos y por lo que se deroga la Directiva 95\/46\/CE (Reglamento General de Protecci\u00f3n [&hellip;]","protected":false},"author":1,"featured_media":0,"parent":0,"menu_order":0,"comment_status":"closed","ping_status":"closed","template":"","meta":[],"yoast_head":"<!-- This site is optimized with the Yoast SEO plugin v18.9 - https:\/\/yoast.com\/wordpress\/plugins\/seo\/ -->\n<title>Pol\u00edtica de Privacidad - Boina Galega<\/title>\n<meta name=\"robots\" content=\"index, follow, max-snippet:-1, max-image-preview:large, max-video-preview:-1\" \/>\n<link rel=\"canonical\" href=\"https:\/\/www.boinagalega.com\/es\/politica-de-privacidad\/\" \/>\n<meta property=\"og:locale\" content=\"es_ES\" \/>\n<meta property=\"og:type\" content=\"article\" \/>\n<meta property=\"og:title\" content=\"Pol\u00edtica de Privacidad - Boina Galega\" \/>\n<meta property=\"og:description\" content=\"1. Normativa de referencia REGLAMENTO (UE) 2016\/679, del 27 de abril, del Parlamento Europeo y del Consejo, relativo a la protecci\u00f3n de las personas f\u00edsicas en lo que respecta al tratamiento de datos personales y a la libre circulaci\u00f3n de estos datos y por lo que se deroga la Directiva 95\/46\/CE (Reglamento General de Protecci\u00f3n [&hellip;]\" \/>\n<meta property=\"og:url\" content=\"https:\/\/www.boinagalega.com\/es\/politica-de-privacidad\/\" \/>\n<meta property=\"og:site_name\" content=\"Boina Galega\" \/>\n<meta property=\"article:modified_time\" content=\"2021-04-27T16:45:44+00:00\" \/>\n<meta name=\"twitter:card\" content=\"summary_large_image\" \/>\n<meta name=\"twitter:label1\" content=\"Tiempo de lectura\" \/>\n\t<meta name=\"twitter:data1\" content=\"6 minutos\" \/>\n<script type=\"application\/ld+json\" class=\"yoast-schema-graph\">{\"@context\":\"https:\/\/schema.org\",\"@graph\":[{\"@type\":\"Organization\",\"@id\":\"https:\/\/www.boinagalega.com\/#organization\",\"name\":\"Boina Galega | Sandra Vilas\",\"url\":\"https:\/\/www.boinagalega.com\/\",\"sameAs\":[],\"logo\":{\"@type\":\"ImageObject\",\"inLanguage\":\"es\",\"@id\":\"https:\/\/www.boinagalega.com\/#\/schema\/logo\/image\/\",\"url\":\"https:\/\/www.boinagalega.com\/wp-content\/uploads\/2021\/04\/logo-boina-galega.jpg\",\"contentUrl\":\"https:\/\/www.boinagalega.com\/wp-content\/uploads\/2021\/04\/logo-boina-galega.jpg\",\"width\":1024,\"height\":1024,\"caption\":\"Boina Galega | Sandra Vilas\"},\"image\":{\"@id\":\"https:\/\/www.boinagalega.com\/#\/schema\/logo\/image\/\"}},{\"@type\":\"WebSite\",\"@id\":\"https:\/\/www.boinagalega.com\/#website\",\"url\":\"https:\/\/www.boinagalega.com\/\",\"name\":\"Boina Galega\",\"description\":\"Tenda online de Boina Galega e Sandra Vilas. Artesan\u00eda galega de la de ovella merina. Boinas e complementos\",\"publisher\":{\"@id\":\"https:\/\/www.boinagalega.com\/#organization\"},\"potentialAction\":[{\"@type\":\"SearchAction\",\"target\":{\"@type\":\"EntryPoint\",\"urlTemplate\":\"https:\/\/www.boinagalega.com\/?s={search_term_string}\"},\"query-input\":\"required name=search_term_string\"}],\"inLanguage\":\"es\"},{\"@type\":\"WebPage\",\"@id\":\"https:\/\/www.boinagalega.com\/es\/politica-de-privacidad\/#webpage\",\"url\":\"https:\/\/www.boinagalega.com\/es\/politica-de-privacidad\/\",\"name\":\"Pol\u00edtica de Privacidad - Boina Galega\",\"isPartOf\":{\"@id\":\"https:\/\/www.boinagalega.com\/#website\"},\"datePublished\":\"2020-10-23T14:40:09+00:00\",\"dateModified\":\"2021-04-27T16:45:44+00:00\",\"breadcrumb\":{\"@id\":\"https:\/\/www.boinagalega.com\/es\/politica-de-privacidad\/#breadcrumb\"},\"inLanguage\":\"es\",\"potentialAction\":[{\"@type\":\"ReadAction\",\"target\":[\"https:\/\/www.boinagalega.com\/es\/politica-de-privacidad\/\"]}]},{\"@type\":\"BreadcrumbList\",\"@id\":\"https:\/\/www.boinagalega.com\/es\/politica-de-privacidad\/#breadcrumb\",\"itemListElement\":[{\"@type\":\"ListItem\",\"position\":1,\"name\":\"Portada\",\"item\":\"https:\/\/www.boinagalega.com\/es\/\"},{\"@type\":\"ListItem\",\"position\":2,\"name\":\"Pol\u00edtica de Privacidad\"}]}]}<\/script>\n<!-- \/ Yoast SEO plugin. -->","yoast_head_json":{"title":"Pol\u00edtica de Privacidad - Boina Galega","robots":{"index":"index","follow":"follow","max-snippet":"max-snippet:-1","max-image-preview":"max-image-preview:large","max-video-preview":"max-video-preview:-1"},"canonical":"https:\/\/www.boinagalega.com\/es\/politica-de-privacidad\/","og_locale":"es_ES","og_type":"article","og_title":"Pol\u00edtica de Privacidad - Boina Galega","og_description":"1. Normativa de referencia REGLAMENTO (UE) 2016\/679, del 27 de abril, del Parlamento Europeo y del Consejo, relativo a la protecci\u00f3n de las personas f\u00edsicas en lo que respecta al tratamiento de datos personales y a la libre circulaci\u00f3n de estos datos y por lo que se deroga la Directiva 95\/46\/CE (Reglamento General de Protecci\u00f3n [&hellip;]","og_url":"https:\/\/www.boinagalega.com\/es\/politica-de-privacidad\/","og_site_name":"Boina Galega","article_modified_time":"2021-04-27T16:45:44+00:00","twitter_card":"summary_large_image","twitter_misc":{"Tiempo de lectura":"6 minutos"},"schema":{"@context":"https:\/\/schema.org","@graph":[{"@type":"Organization","@id":"https:\/\/www.boinagalega.com\/#organization","name":"Boina Galega | Sandra Vilas","url":"https:\/\/www.boinagalega.com\/","sameAs":[],"logo":{"@type":"ImageObject","inLanguage":"es","@id":"https:\/\/www.boinagalega.com\/#\/schema\/logo\/image\/","url":"https:\/\/www.boinagalega.com\/wp-content\/uploads\/2021\/04\/logo-boina-galega.jpg","contentUrl":"https:\/\/www.boinagalega.com\/wp-content\/uploads\/2021\/04\/logo-boina-galega.jpg","width":1024,"height":1024,"caption":"Boina Galega | Sandra Vilas"},"image":{"@id":"https:\/\/www.boinagalega.com\/#\/schema\/logo\/image\/"}},{"@type":"WebSite","@id":"https:\/\/www.boinagalega.com\/#website","url":"https:\/\/www.boinagalega.com\/","name":"Boina Galega","description":"Tenda online de Boina Galega e Sandra Vilas. Artesan\u00eda galega de la de ovella merina. Boinas e complementos","publisher":{"@id":"https:\/\/www.boinagalega.com\/#organization"},"potentialAction":[{"@type":"SearchAction","target":{"@type":"EntryPoint","urlTemplate":"https:\/\/www.boinagalega.com\/?s={search_term_string}"},"query-input":"required name=search_term_string"}],"inLanguage":"es"},{"@type":"WebPage","@id":"https:\/\/www.boinagalega.com\/es\/politica-de-privacidad\/#webpage","url":"https:\/\/www.boinagalega.com\/es\/politica-de-privacidad\/","name":"Pol\u00edtica de Privacidad - Boina Galega","isPartOf":{"@id":"https:\/\/www.boinagalega.com\/#website"},"datePublished":"2020-10-23T14:40:09+00:00","dateModified":"2021-04-27T16:45:44+00:00","breadcrumb":{"@id":"https:\/\/www.boinagalega.com\/es\/politica-de-privacidad\/#breadcrumb"},"inLanguage":"es","potentialAction":[{"@type":"ReadAction","target":["https:\/\/www.boinagalega.com\/es\/politica-de-privacidad\/"]}]},{"@type":"BreadcrumbList","@id":"https:\/\/www.boinagalega.com\/es\/politica-de-privacidad\/#breadcrumb","itemListElement":[{"@type":"ListItem","position":1,"name":"Portada","item":"https:\/\/www.boinagalega.com\/es\/"},{"@type":"ListItem","position":2,"name":"Pol\u00edtica de Privacidad"}]}]}},"_links":{"self":[{"href":"https:\/\/www.boinagalega.com\/es\/wp-json\/wp\/v2\/pages\/123"}],"collection":[{"href":"https:\/\/www.boinagalega.com\/es\/wp-json\/wp\/v2\/pages"}],"about":[{"href":"https:\/\/www.boinagalega.com\/es\/wp-json\/wp\/v2\/types\/page"}],"author":[{"embeddable":true,"href":"https:\/\/www.boinagalega.com\/es\/wp-json\/wp\/v2\/users\/1"}],"replies":[{"embeddable":true,"href":"https:\/\/www.boinagalega.com\/es\/wp-json\/wp\/v2\/comments?post=123"}],"version-history":[{"count":2,"href":"https:\/\/www.boinagalega.com\/es\/wp-json\/wp\/v2\/pages\/123\/revisions"}],"predecessor-version":[{"id":495,"href":"https:\/\/www.boinagalega.com\/es\/wp-json\/wp\/v2\/pages\/123\/revisions\/495"}],"wp:attachment":[{"href":"https:\/\/www.boinagalega.com\/es\/wp-json\/wp\/v2\/media?parent=123"}],"curies":[{"name":"wp","href":"https:\/\/api.w.org\/{rel}","templated":true}]}}