{"id":116,"date":"2020-10-23T12:33:25","date_gmt":"2020-10-23T12:33:25","guid":{"rendered":"https:\/\/www.boinagalega.com\/?page_id=116"},"modified":"2020-12-15T08:19:00","modified_gmt":"2020-12-15T08:19:00","slug":"aviso-legal","status":"publish","type":"page","link":"https:\/\/www.boinagalega.com\/es\/aviso-legal\/","title":{"rendered":"Aviso legal"},"content":{"rendered":"\n<h3>Quen \u00e9 a responsable?<\/h3>\n\n\n\n<p>Sandra M\u00aa Vilas Fern\u00e1ndez. Boina Galega<\/p>\n\n\n\n<div style=\"height:20px\" aria-hidden=\"true\" class=\"wp-block-spacer\"><\/div>\n\n\n\n<h3>Cal \u00e9 a finalidade do conxunto de tratamentos?<\/h3>\n\n\n\n<ul><li>Xesti\u00f3n de interesados e clientes<\/li><li>Xesti\u00f3ns laborais dos empregados<\/li><li>Xesti\u00f3n de subvenci\u00f3ns recibidas<\/li><\/ul>\n\n\n\n<div style=\"height:20px\" aria-hidden=\"true\" class=\"wp-block-spacer\"><\/div>\n\n\n\n<h3>Cal \u00e9 a base que lexitimiza os tratamentos?<\/h3>\n\n\n\n<p>A base xur\u00eddica do tratamento \u00e9:<\/p>\n\n\n\n<p>Por regra xeral, o contrato de prestaci\u00f3n de servizos , podendo solicitarse o consentimento expreso para aquelas finalidades non ligadas de modo directo co servizo prestado (por exemplo , toma de imaxes de interesados en diferentes actividades e\/ou eventos)<\/p>\n\n\n\n<div style=\"height:20px\" aria-hidden=\"true\" class=\"wp-block-spacer\"><\/div>\n\n\n\n<h3>A quen proporcionamos os seus datos?<\/h3>\n\n\n\n<p>Os datos que solicitamos dos nosos interesados, tanto receptores dos nosos servizos como doantes ou voluntarios, non ser\u00e1n cedidos a ningunha entidade externa.<\/p>\n\n\n\n<p>En calquera caso, ser\u00e1n comunicados, nos termos que a normativa esixe, \u00e1 Xunta de Galicia e demais organismos p\u00fablicos con competencia na materia, sempre que sexan requiridos.<\/p>\n\n\n\n<div style=\"height:20px\" aria-hidden=\"true\" class=\"wp-block-spacer\"><\/div>\n\n\n\n<h3>Que dereitos ten vostede?<\/h3>\n\n\n\n<p>Pode vostede exercer os dereitos de acceso, rectificaci\u00f3n, supresi\u00f3n, oposici\u00f3n, limitaci\u00f3n do tratamento, e\/ou portabilidad dos seus datos.<\/p>\n\n\n\n<div style=\"height:20px\" aria-hidden=\"true\" class=\"wp-block-spacer\"><\/div>\n\n\n\n<h3>De onde obtemos os seus datos? Cal \u00e9 a s\u00faa procedencia?<\/h3>\n\n\n\n<p>Todos os datos que manexamos derivan directamente do interesado nas s\u00faas diferentes categor\u00edas.<\/p>\n","protected":false},"excerpt":{"rendered":"Quen \u00e9 a responsable? Sandra M\u00aa Vilas Fern\u00e1ndez. Boina Galega Cal \u00e9 a finalidade do conxunto de tratamentos? Xesti\u00f3n de interesados e clientes Xesti\u00f3ns laborais dos empregados Xesti\u00f3n de subvenci\u00f3ns recibidas Cal \u00e9 a base que lexitimiza os tratamentos? A base xur\u00eddica do tratamento \u00e9: Por regra xeral, o contrato de prestaci\u00f3n de servizos , [&hellip;]","protected":false},"author":1,"featured_media":0,"parent":0,"menu_order":0,"comment_status":"closed","ping_status":"closed","template":"","meta":[],"yoast_head":"<!-- This site is optimized with the Yoast SEO plugin v18.9 - https:\/\/yoast.com\/wordpress\/plugins\/seo\/ -->\n<title>Aviso legal - Boina Galega<\/title>\n<meta name=\"robots\" content=\"index, follow, max-snippet:-1, max-image-preview:large, max-video-preview:-1\" \/>\n<link rel=\"canonical\" href=\"https:\/\/www.boinagalega.com\/es\/aviso-legal\/\" \/>\n<meta property=\"og:locale\" content=\"es_ES\" \/>\n<meta property=\"og:type\" content=\"article\" \/>\n<meta property=\"og:title\" content=\"Aviso legal - Boina Galega\" \/>\n<meta property=\"og:description\" content=\"Quen \u00e9 a responsable? Sandra M\u00aa Vilas Fern\u00e1ndez. Boina Galega Cal \u00e9 a finalidade do conxunto de tratamentos? Xesti\u00f3n de interesados e clientes Xesti\u00f3ns laborais dos empregados Xesti\u00f3n de subvenci\u00f3ns recibidas Cal \u00e9 a base que lexitimiza os tratamentos? A base xur\u00eddica do tratamento \u00e9: Por regra xeral, o contrato de prestaci\u00f3n de servizos , [&hellip;]\" \/>\n<meta property=\"og:url\" content=\"https:\/\/www.boinagalega.com\/es\/aviso-legal\/\" \/>\n<meta property=\"og:site_name\" content=\"Boina Galega\" \/>\n<meta property=\"article:modified_time\" content=\"2020-12-15T08:19:00+00:00\" \/>\n<meta name=\"twitter:card\" content=\"summary_large_image\" \/>\n<meta name=\"twitter:label1\" content=\"Tiempo de lectura\" \/>\n\t<meta name=\"twitter:data1\" content=\"1 minuto\" \/>\n<script type=\"application\/ld+json\" class=\"yoast-schema-graph\">{\"@context\":\"https:\/\/schema.org\",\"@graph\":[{\"@type\":\"Organization\",\"@id\":\"https:\/\/www.boinagalega.com\/#organization\",\"name\":\"Boina Galega | Sandra Vilas\",\"url\":\"https:\/\/www.boinagalega.com\/\",\"sameAs\":[],\"logo\":{\"@type\":\"ImageObject\",\"inLanguage\":\"es\",\"@id\":\"https:\/\/www.boinagalega.com\/#\/schema\/logo\/image\/\",\"url\":\"https:\/\/www.boinagalega.com\/wp-content\/uploads\/2021\/04\/logo-boina-galega.jpg\",\"contentUrl\":\"https:\/\/www.boinagalega.com\/wp-content\/uploads\/2021\/04\/logo-boina-galega.jpg\",\"width\":1024,\"height\":1024,\"caption\":\"Boina Galega | Sandra Vilas\"},\"image\":{\"@id\":\"https:\/\/www.boinagalega.com\/#\/schema\/logo\/image\/\"}},{\"@type\":\"WebSite\",\"@id\":\"https:\/\/www.boinagalega.com\/#website\",\"url\":\"https:\/\/www.boinagalega.com\/\",\"name\":\"Boina Galega\",\"description\":\"Tenda online de Boina Galega e Sandra Vilas. Artesan\u00eda galega de la de ovella merina. Boinas e complementos\",\"publisher\":{\"@id\":\"https:\/\/www.boinagalega.com\/#organization\"},\"potentialAction\":[{\"@type\":\"SearchAction\",\"target\":{\"@type\":\"EntryPoint\",\"urlTemplate\":\"https:\/\/www.boinagalega.com\/?s={search_term_string}\"},\"query-input\":\"required name=search_term_string\"}],\"inLanguage\":\"es\"},{\"@type\":\"WebPage\",\"@id\":\"https:\/\/www.boinagalega.com\/es\/aviso-legal\/#webpage\",\"url\":\"https:\/\/www.boinagalega.com\/es\/aviso-legal\/\",\"name\":\"Aviso legal - Boina Galega\",\"isPartOf\":{\"@id\":\"https:\/\/www.boinagalega.com\/#website\"},\"datePublished\":\"2020-10-23T12:33:25+00:00\",\"dateModified\":\"2020-12-15T08:19:00+00:00\",\"breadcrumb\":{\"@id\":\"https:\/\/www.boinagalega.com\/es\/aviso-legal\/#breadcrumb\"},\"inLanguage\":\"es\",\"potentialAction\":[{\"@type\":\"ReadAction\",\"target\":[\"https:\/\/www.boinagalega.com\/es\/aviso-legal\/\"]}]},{\"@type\":\"BreadcrumbList\",\"@id\":\"https:\/\/www.boinagalega.com\/es\/aviso-legal\/#breadcrumb\",\"itemListElement\":[{\"@type\":\"ListItem\",\"position\":1,\"name\":\"Portada\",\"item\":\"https:\/\/www.boinagalega.com\/es\/\"},{\"@type\":\"ListItem\",\"position\":2,\"name\":\"Aviso legal\"}]}]}<\/script>\n<!-- \/ Yoast SEO plugin. -->","yoast_head_json":{"title":"Aviso legal - Boina Galega","robots":{"index":"index","follow":"follow","max-snippet":"max-snippet:-1","max-image-preview":"max-image-preview:large","max-video-preview":"max-video-preview:-1"},"canonical":"https:\/\/www.boinagalega.com\/es\/aviso-legal\/","og_locale":"es_ES","og_type":"article","og_title":"Aviso legal - Boina Galega","og_description":"Quen \u00e9 a responsable? Sandra M\u00aa Vilas Fern\u00e1ndez. Boina Galega Cal \u00e9 a finalidade do conxunto de tratamentos? Xesti\u00f3n de interesados e clientes Xesti\u00f3ns laborais dos empregados Xesti\u00f3n de subvenci\u00f3ns recibidas Cal \u00e9 a base que lexitimiza os tratamentos? A base xur\u00eddica do tratamento \u00e9: Por regra xeral, o contrato de prestaci\u00f3n de servizos , [&hellip;]","og_url":"https:\/\/www.boinagalega.com\/es\/aviso-legal\/","og_site_name":"Boina Galega","article_modified_time":"2020-12-15T08:19:00+00:00","twitter_card":"summary_large_image","twitter_misc":{"Tiempo de lectura":"1 minuto"},"schema":{"@context":"https:\/\/schema.org","@graph":[{"@type":"Organization","@id":"https:\/\/www.boinagalega.com\/#organization","name":"Boina Galega | Sandra Vilas","url":"https:\/\/www.boinagalega.com\/","sameAs":[],"logo":{"@type":"ImageObject","inLanguage":"es","@id":"https:\/\/www.boinagalega.com\/#\/schema\/logo\/image\/","url":"https:\/\/www.boinagalega.com\/wp-content\/uploads\/2021\/04\/logo-boina-galega.jpg","contentUrl":"https:\/\/www.boinagalega.com\/wp-content\/uploads\/2021\/04\/logo-boina-galega.jpg","width":1024,"height":1024,"caption":"Boina Galega | Sandra Vilas"},"image":{"@id":"https:\/\/www.boinagalega.com\/#\/schema\/logo\/image\/"}},{"@type":"WebSite","@id":"https:\/\/www.boinagalega.com\/#website","url":"https:\/\/www.boinagalega.com\/","name":"Boina Galega","description":"Tenda online de Boina Galega e Sandra Vilas. Artesan\u00eda galega de la de ovella merina. Boinas e complementos","publisher":{"@id":"https:\/\/www.boinagalega.com\/#organization"},"potentialAction":[{"@type":"SearchAction","target":{"@type":"EntryPoint","urlTemplate":"https:\/\/www.boinagalega.com\/?s={search_term_string}"},"query-input":"required name=search_term_string"}],"inLanguage":"es"},{"@type":"WebPage","@id":"https:\/\/www.boinagalega.com\/es\/aviso-legal\/#webpage","url":"https:\/\/www.boinagalega.com\/es\/aviso-legal\/","name":"Aviso legal - Boina Galega","isPartOf":{"@id":"https:\/\/www.boinagalega.com\/#website"},"datePublished":"2020-10-23T12:33:25+00:00","dateModified":"2020-12-15T08:19:00+00:00","breadcrumb":{"@id":"https:\/\/www.boinagalega.com\/es\/aviso-legal\/#breadcrumb"},"inLanguage":"es","potentialAction":[{"@type":"ReadAction","target":["https:\/\/www.boinagalega.com\/es\/aviso-legal\/"]}]},{"@type":"BreadcrumbList","@id":"https:\/\/www.boinagalega.com\/es\/aviso-legal\/#breadcrumb","itemListElement":[{"@type":"ListItem","position":1,"name":"Portada","item":"https:\/\/www.boinagalega.com\/es\/"},{"@type":"ListItem","position":2,"name":"Aviso legal"}]}]}},"_links":{"self":[{"href":"https:\/\/www.boinagalega.com\/es\/wp-json\/wp\/v2\/pages\/116"}],"collection":[{"href":"https:\/\/www.boinagalega.com\/es\/wp-json\/wp\/v2\/pages"}],"about":[{"href":"https:\/\/www.boinagalega.com\/es\/wp-json\/wp\/v2\/types\/page"}],"author":[{"embeddable":true,"href":"https:\/\/www.boinagalega.com\/es\/wp-json\/wp\/v2\/users\/1"}],"replies":[{"embeddable":true,"href":"https:\/\/www.boinagalega.com\/es\/wp-json\/wp\/v2\/comments?post=116"}],"version-history":[{"count":2,"href":"https:\/\/www.boinagalega.com\/es\/wp-json\/wp\/v2\/pages\/116\/revisions"}],"predecessor-version":[{"id":430,"href":"https:\/\/www.boinagalega.com\/es\/wp-json\/wp\/v2\/pages\/116\/revisions\/430"}],"wp:attachment":[{"href":"https:\/\/www.boinagalega.com\/es\/wp-json\/wp\/v2\/media?parent=116"}],"curies":[{"name":"wp","href":"https:\/\/api.w.org\/{rel}","templated":true}]}}